{"id":2261,"date":"2025-01-08T10:33:54","date_gmt":"2025-01-08T10:33:54","guid":{"rendered":"https:\/\/test.devpws.it\/?post_type=product&#038;p=2261"},"modified":"2025-02-20T15:56:59","modified_gmt":"2025-02-20T15:56:59","slug":"body-sa-le-bel-el-me-putel","status":"publish","type":"product","link":"https:\/\/procremona.it\/?product=body-sa-le-bel-el-me-putel","title":{"rendered":"Body &#8220;sa l&#8217;\u00e8 bel el me p\u00fctel&#8221;"},"content":{"rendered":"<p>Per fare impazzire di felicit\u00e0 tutti i nonni (ma anche i genitori, dai) di Cremona!<\/p>\n","protected":false},"excerpt":{"rendered":"<p>Per fare impazzire di felicit\u00e0 tutti i nonni (ma anche i genitori, dai) di Cremona!<\/p>\n","protected":false},"featured_media":2672,"template":"","meta":{"_acf_changed":false},"product_brand":[],"product_cat":[23],"product_tag":[],"class_list":{"0":"post-2261","1":"product","2":"type-product","3":"status-publish","4":"has-post-thumbnail","6":"product_cat-magliette","8":"first","9":"outofstock","10":"shipping-taxable","11":"purchasable","12":"product-type-variable"},"acf":[],"_links":{"self":[{"href":"https:\/\/procremona.it\/index.php?rest_route=\/wp\/v2\/product\/2261","targetHints":{"allow":["GET"]}}],"collection":[{"href":"https:\/\/procremona.it\/index.php?rest_route=\/wp\/v2\/product"}],"about":[{"href":"https:\/\/procremona.it\/index.php?rest_route=\/wp\/v2\/types\/product"}],"wp:featuredmedia":[{"embeddable":true,"href":"https:\/\/procremona.it\/index.php?rest_route=\/wp\/v2\/media\/2672"}],"wp:attachment":[{"href":"https:\/\/procremona.it\/index.php?rest_route=%2Fwp%2Fv2%2Fmedia&parent=2261"}],"wp:term":[{"taxonomy":"product_brand","embeddable":true,"href":"https:\/\/procremona.it\/index.php?rest_route=%2Fwp%2Fv2%2Fproduct_brand&post=2261"},{"taxonomy":"product_cat","embeddable":true,"href":"https:\/\/procremona.it\/index.php?rest_route=%2Fwp%2Fv2%2Fproduct_cat&post=2261"},{"taxonomy":"product_tag","embeddable":true,"href":"https:\/\/procremona.it\/index.php?rest_route=%2Fwp%2Fv2%2Fproduct_tag&post=2261"}],"curies":[{"name":"wp","href":"https:\/\/api.w.org\/{rel}","templated":true}]}}